{"id":381,"date":"2013-01-06T07:33:14","date_gmt":"2013-01-06T07:33:14","guid":{"rendered":"http:\/\/www.listado.guidoblogs.org\/?page_id=381"},"modified":"2013-01-06T07:44:45","modified_gmt":"2013-01-06T07:44:45","slug":"difunde-guidoblogs","status":"publish","type":"page","link":"https:\/\/www.listado.guidoblogs.org\/?page_id=381","title":{"rendered":"Difunde GuidoBlogs"},"content":{"rendered":"<p><strong>El \u00e9xito de esta iniciativa depende de ti.<\/strong> <em>S\u00ed, s\u00ed, no mires detr\u00e1s tuya.<\/em><\/p>\n<p>Yo puedo navegarme todo internet en busca de blogs, crear un twitter, una p\u00e1gina de facebook, una web, unos logos chulos, \u00a1o hasta incluso un planeta! Pero el \u00e9xito de todo este proyecto est\u00e1 en tus manos (el logo es una mano, \u00bfno?). Si te parece una iniciativa interesante, un proyecto por el que merece la pena apostar, aqu\u00ed hay algunas cosas sencillas que est\u00e1 en tus manos hacer.<\/p>\n<ul>\n<li>Aunque no tengas blog puedes:\n<ul>\n<li>Seguirnos en <a href=\"https:\/\/twitter.com\/#!\/GuidoBlogs\">twitter<\/a><\/li>\n<li>Hacerte amigo en <a href=\"http:\/\/www.facebook.com\/guidoblogs\">facebook<\/a><\/li>\n<li>Suscribirte al canal <a href=\"http:\/\/guidoblogs.org\/?feed=rss2\">RSS<\/a><\/li>\n<li>Comentar y difundir los art\u00edculos que te parezcan interesantes<\/li>\n<li>Hablar de este <a href=\"http:\/\/guidoblogs.org\/?page_id=2\">proyecto<\/a> con tus compa\u00f1eros de trabajo<\/li>\n<li>Enviarnos cualquier <a href=\"mailto:guidoblogs@gmail.com\">comentario o sugerencia<\/a><\/li>\n<li>Animar a compa\u00f1eros que s\u00ed tengan un blog y no est\u00e9n en la red a que se unan<\/li>\n<\/ul>\n<\/li>\n<li>Y adem\u00e1s, si tienes un blog:\n<ul>\n<li>Aparecer en el <a href=\"http:\/\/guidoblogs.org\/?page_id=13\">listado<\/a><\/li>\n<li>Integrarte en el <a href=\"http:\/\/guidoblogs.org\/\">Planeta<\/a><\/li>\n<li>Hablar de este <a href=\"http:\/\/guidoblogs.org\/?page_id=2\">proyecto<\/a> en tu blog<\/li>\n<li>Incluir alg\u00fan banner de GuidoBlogs en tu web<\/li>\n<li>Cualquier otra idea creativa que se te ocurra.<\/li>\n<\/ul>\n<\/li>\n<\/ul>\n<p><strong>Banners para difundir GuidoBlogs en tu web<\/strong><\/p>\n<p>Puedes coger las im\u00e1genes o utilizar el c\u00f3digo html que encontrar\u00e1s en el siguiente enlace e insertarlo d\u00f3nde quieras: <a href=\"http:\/\/guidoblogs.org\/?page_id=31\">enlace para banners<\/a>.<\/p>\n<p>&nbsp;<\/p>\n","protected":false},"excerpt":{"rendered":"<p>El \u00e9xito de esta iniciativa depende de ti. S\u00ed, s\u00ed, no mires detr\u00e1s tuya. Yo puedo navegarme todo internet en busca de blogs, crear un twitter, una p\u00e1gina de facebook, una web, unos logos chulos, \u00a1o hasta incluso un planeta! &hellip; <a href=\"https:\/\/www.listado.guidoblogs.org\/?page_id=381\">Continue reading <span class=\"meta-nav\">&rarr;<\/span><\/a><\/p>\n","protected":false},"author":1,"featured_media":0,"parent":0,"menu_order":0,"comment_status":"open","ping_status":"open","template":"","meta":{"footnotes":""},"class_list":["post-381","page","type-page","status-publish","hentry"],"jetpack_sharing_enabled":true,"_links":{"self":[{"href":"https:\/\/www.listado.guidoblogs.org\/index.php?rest_route=\/wp\/v2\/pages\/381","targetHints":{"allow":["GET"]}}],"collection":[{"href":"https:\/\/www.listado.guidoblogs.org\/index.php?rest_route=\/wp\/v2\/pages"}],"about":[{"href":"https:\/\/www.listado.guidoblogs.org\/index.php?rest_route=\/wp\/v2\/types\/page"}],"author":[{"embeddable":true,"href":"https:\/\/www.listado.guidoblogs.org\/index.php?rest_route=\/wp\/v2\/users\/1"}],"replies":[{"embeddable":true,"href":"https:\/\/www.listado.guidoblogs.org\/index.php?rest_route=%2Fwp%2Fv2%2Fcomments&post=381"}],"version-history":[{"count":7,"href":"https:\/\/www.listado.guidoblogs.org\/index.php?rest_route=\/wp\/v2\/pages\/381\/revisions"}],"predecessor-version":[{"id":384,"href":"https:\/\/www.listado.guidoblogs.org\/index.php?rest_route=\/wp\/v2\/pages\/381\/revisions\/384"}],"wp:attachment":[{"href":"https:\/\/www.listado.guidoblogs.org\/index.php?rest_route=%2Fwp%2Fv2%2Fmedia&parent=381"}],"curies":[{"name":"wp","href":"https:\/\/api.w.org\/{rel}","templated":true}]}}